{"id":159,"date":"2016-05-13T10:24:23","date_gmt":"2016-05-13T14:24:23","guid":{"rendered":"http:\/\/bliktv.ca\/fr\/?page_id=159"},"modified":"2025-07-03T00:15:47","modified_gmt":"2025-07-03T04:15:47","slug":"contact","status":"publish","type":"page","link":"https:\/\/bliktv.ca\/fr\/contact\/","title":{"rendered":"Contact"},"content":{"rendered":"<p>[et_pb_section fb_built=&#8221;1&#8243; admin_label=&#8221;section&#8221; _builder_version=&#8221;4.16&#8243; background_color=&#8221;#ffffff&#8221; custom_padding=&#8221;10px|||&#8221; custom_padding_tablet=&#8221;10px|||&#8221; padding_mobile=&#8221;on&#8221; global_colors_info=&#8221;{}&#8221;][et_pb_row admin_label=&#8221;row&#8221; _builder_version=&#8221;4.16&#8243; background_size=&#8221;initial&#8221; background_position=&#8221;top_left&#8221; background_repeat=&#8221;repeat&#8221; global_colors_info=&#8221;{}&#8221;][et_pb_column type=&#8221;4_4&#8243; _builder_version=&#8221;4.16&#8243; custom_padding=&#8221;|||&#8221; global_colors_info=&#8221;{}&#8221; custom_padding__hover=&#8221;|||&#8221;][et_pb_post_title meta=&#8221;off&#8221; featured_image=&#8221;off&#8221; _builder_version=&#8221;4.16&#8243; title_all_caps=&#8221;off&#8221; background_color=&#8221;rgba(255,255,255,0)&#8221; module_bg_color=&#8221;rgba(255,255,255,0)&#8221; global_colors_info=&#8221;{}&#8221;][\/et_pb_post_title][\/et_pb_column][\/et_pb_row][et_pb_row column_structure=&#8221;2_3,1_3&#8243; padding_mobile=&#8221;on&#8221; column_padding_mobile=&#8221;on&#8221; _builder_version=&#8221;4.16&#8243; background_size=&#8221;initial&#8221; background_position=&#8221;top_left&#8221; background_repeat=&#8221;repeat&#8221; custom_padding=&#8221;0px|||&#8221; global_colors_info=&#8221;{}&#8221;][et_pb_column type=&#8221;2_3&#8243; _builder_version=&#8221;4.16&#8243; custom_padding=&#8221;|||&#8221; global_colors_info=&#8221;{}&#8221; custom_padding__hover=&#8221;|||&#8221;][et_pb_map address=&#8221;1376 Bank St #414, Ottawa, ON K1H, Canada&#8221; zoom_level=&#8221;12&#8243; address_lat=&#8221;45.37775809011029&#8243; address_lng=&#8221;-75.69706892346191&#8243; use_grayscale_filter=&#8221;on&#8221; grayscale_filter_amount=&#8221;30&#8243; module_id=&#8221;maplea&#8221; _builder_version=&#8221;4.16&#8243; child_filter_saturate=&#8221;70%&#8221; global_colors_info=&#8221;{}&#8221;][et_pb_map_pin title=&#8221;Productions L\u00e9a Pascal&#8221; pin_address=&#8221;1376 Bank St #414, Ottawa, ON K1H, Canada&#8221; pin_address_lat=&#8221;45.3846345&#8243; pin_address_lng=&#8221;-75.67295050000001&#8243; _builder_version=&#8221;3.0.47&#8243; global_colors_info=&#8221;{}&#8221;] [\/et_pb_map_pin][\/et_pb_map][\/et_pb_column][et_pb_column type=&#8221;1_3&#8243; _builder_version=&#8221;4.16&#8243; custom_padding=&#8221;|||&#8221; global_colors_info=&#8221;{}&#8221; custom_padding__hover=&#8221;|||&#8221;][et_pb_text _builder_version=&#8221;4.27.4&#8243; background_size=&#8221;initial&#8221; background_position=&#8221;top_left&#8221; background_repeat=&#8221;repeat&#8221; hover_enabled=&#8221;0&#8243; global_colors_info=&#8221;{}&#8221; sticky_enabled=&#8221;0&#8243;]<\/p>\n<p>1376 Bank street, suite 205<br \/>Ottawa, Ontario<br \/>K1H 7Y3<\/p>\n<p><strong><a href=\"mailto:info@bliktv.ca\">info@bliktv.ca<\/a><\/strong><\/p>\n<p><a href=\"https:\/\/www.facebook.com\/BLIKTV\/\" target=\"_blank\" rel=\"noopener\"><img loading=\"lazy\" decoding=\"async\" class=\"alignleft wp-image-25030 size-full\" src=\"https:\/\/bliktv.ca\/wp-content\/uploads\/2018\/07\/facebook_logo.jpg\" alt=\"\" width=\"127\" height=\"48\" \/><\/a><\/p>\n<p>[\/et_pb_text][\/et_pb_column][\/et_pb_row][et_pb_row padding_mobile=&#8221;on&#8221; column_padding_mobile=&#8221;on&#8221; _builder_version=&#8221;4.16&#8243; background_size=&#8221;initial&#8221; background_position=&#8221;top_left&#8221; background_repeat=&#8221;repeat&#8221; custom_padding=&#8221;0px|||&#8221; global_colors_info=&#8221;{}&#8221;][et_pb_column type=&#8221;4_4&#8243; _builder_version=&#8221;4.16&#8243; custom_padding=&#8221;|||&#8221; global_colors_info=&#8221;{}&#8221; custom_padding__hover=&#8221;|||&#8221;][et_pb_text _builder_version=&#8221;4.27.4&#8243; background_size=&#8221;initial&#8221; background_position=&#8221;top_left&#8221; background_repeat=&#8221;repeat&#8221; global_colors_info=&#8221;{}&#8221;]<\/p>\n<h3>Fond\u00e9e en 1997, l\u2019entreprise, s\u2019est fait reconna\u00eetre au fil des ans par la qualit\u00e9 de ses s\u00e9ries magazine, documentaires et s\u00e9ries dramatiques.<\/h3>\n<p>[\/et_pb_text][\/et_pb_column][\/et_pb_row][\/et_pb_section]<\/p>\n","protected":false},"excerpt":{"rendered":"<p>1376 Bank street, suite 205Ottawa, OntarioK1H 7Y3 info@bliktv.ca Fond\u00e9e en 1997, l\u2019entreprise, s\u2019est fait reconna\u00eetre au fil des ans par la qualit\u00e9 de ses s\u00e9ries magazine, documentaires et s\u00e9ries dramatiques.<\/p>\n","protected":false},"author":2,"featured_media":0,"parent":0,"menu_order":6,"comment_status":"closed","ping_status":"closed","template":"","meta":{"_et_pb_use_builder":"on","_et_pb_old_content":"","_et_gb_content_width":"","om_disable_all_campaigns":false,"_monsterinsights_skip_tracking":false,"_monsterinsights_sitenote_active":false,"_monsterinsights_sitenote_note":"","_monsterinsights_sitenote_category":0,"footnotes":""},"class_list":["post-159","page","type-page","status-publish","hentry"],"aioseo_notices":[],"_links":{"self":[{"href":"https:\/\/bliktv.ca\/fr\/wp-json\/wp\/v2\/pages\/159","targetHints":{"allow":["GET"]}}],"collection":[{"href":"https:\/\/bliktv.ca\/fr\/wp-json\/wp\/v2\/pages"}],"about":[{"href":"https:\/\/bliktv.ca\/fr\/wp-json\/wp\/v2\/types\/page"}],"author":[{"embeddable":true,"href":"https:\/\/bliktv.ca\/fr\/wp-json\/wp\/v2\/users\/2"}],"replies":[{"embeddable":true,"href":"https:\/\/bliktv.ca\/fr\/wp-json\/wp\/v2\/comments?post=159"}],"version-history":[{"count":25,"href":"https:\/\/bliktv.ca\/fr\/wp-json\/wp\/v2\/pages\/159\/revisions"}],"predecessor-version":[{"id":25707,"href":"https:\/\/bliktv.ca\/fr\/wp-json\/wp\/v2\/pages\/159\/revisions\/25707"}],"wp:attachment":[{"href":"https:\/\/bliktv.ca\/fr\/wp-json\/wp\/v2\/media?parent=159"}],"curies":[{"name":"wp","href":"https:\/\/api.w.org\/{rel}","templated":true}]}}